{"id":2333,"date":"2017-11-15T09:05:04","date_gmt":"2017-11-15T08:05:04","guid":{"rendered":"http:\/\/www.ciosi.it\/sponsors-friends\/"},"modified":"2021-02-02T14:29:05","modified_gmt":"2021-02-02T13:29:05","slug":"sponsors-friends","status":"publish","type":"page","link":"https:\/\/www.ciosi.it\/en\/sponsors-friends\/","title":{"rendered":"GEAR"},"content":{"rendered":"<div id=\"cs-content\" class=\"cs-content\"><\/div>\n","protected":false},"excerpt":{"rendered":"<p>(GUITAR) \u2013 Per saperne di pi\u00f9(WAX) \u2013 Per saperne di pi\u00f9Per saperne di pi\u00f9Per saperne di pi\u00f9Per saperne di pi\u00f9Per saperne di pi\u00f9Per saperne di pi\u00f9Per saperne di pi\u00f9Per saperne di pi\u00f9&nbsp;(GUITAR) \u2013 Per saperne di pi\u00f9 (WAX) \u2013 Per saperne di pi\u00f9 Per saperne di pi\u00f9 Per saperne di pi\u00f9 Per saperne di pi\u00f9 Per saperne di pi\u00f9 Per &#8230; <\/p>\n<div><a href=\"https:\/\/www.ciosi.it\/en\/sponsors-friends\/\" class=\"more-link\">Read More<\/a><\/div>\n","protected":false},"author":1,"featured_media":0,"parent":0,"menu_order":0,"comment_status":"closed","ping_status":"closed","template":"template-blank-4.php","meta":{"footnotes":""},"class_list":["post-2333","page","type-page","status-publish","hentry","no-post-thumbnail"],"_links":{"self":[{"href":"https:\/\/www.ciosi.it\/en\/wp-json\/wp\/v2\/pages\/2333","targetHints":{"allow":["GET"]}}],"collection":[{"href":"https:\/\/www.ciosi.it\/en\/wp-json\/wp\/v2\/pages"}],"about":[{"href":"https:\/\/www.ciosi.it\/en\/wp-json\/wp\/v2\/types\/page"}],"author":[{"embeddable":true,"href":"https:\/\/www.ciosi.it\/en\/wp-json\/wp\/v2\/users\/1"}],"replies":[{"embeddable":true,"href":"https:\/\/www.ciosi.it\/en\/wp-json\/wp\/v2\/comments?post=2333"}],"version-history":[{"count":0,"href":"https:\/\/www.ciosi.it\/en\/wp-json\/wp\/v2\/pages\/2333\/revisions"}],"wp:attachment":[{"href":"https:\/\/www.ciosi.it\/en\/wp-json\/wp\/v2\/media?parent=2333"}],"curies":[{"name":"wp","href":"https:\/\/api.w.org\/{rel}","templated":true}]}}